{"id":2180,"date":"2021-09-14T12:26:49","date_gmt":"2021-09-14T10:26:49","guid":{"rendered":"https:\/\/www.gourmetoverseas.com\/?page_id=2180"},"modified":"2021-10-19T10:45:58","modified_gmt":"2021-10-19T08:45:58","slug":"misiones-comerciales","status":"publish","type":"page","link":"https:\/\/www.gourmetoverseas.com\/index.php\/servicios\/servicios-al-exportador\/misiones-comerciales\/","title":{"rendered":"Misiones Comerciales"},"content":{"rendered":"\t\t<div data-elementor-type=\"wp-post\" data-elementor-id=\"2180\" class=\"elementor elementor-2180\">\n\t\t\t\t\t\t\t\t\t<section class=\"elementor-section elementor-top-section elementor-element elementor-element-33a79095 elementor-section-boxed elementor-section-height-default elementor-section-height-default\" data-id=\"33a79095\" data-element_type=\"section\" data-settings=\"{&quot;background_background&quot;:&quot;classic&quot;}\">\n\t\t\t\t\t\t\t<div class=\"elementor-background-overlay\"><\/div>\n\t\t\t\t\t\t\t<div class=\"elementor-container elementor-column-gap-default\">\n\t\t\t\t\t<div class=\"elementor-column elementor-col-33 elementor-top-column elementor-element elementor-element-b7194dc\" data-id=\"b7194dc\" data-element_type=\"column\">\n\t\t\t<div class=\"elementor-widget-wrap\">\n\t\t\t\t\t\t\t\t\t<\/div>\n\t\t<\/div>\n\t\t\t\t<div class=\"elementor-column elementor-col-33 elementor-top-column elementor-element elementor-element-3706530d\" data-id=\"3706530d\" data-element_type=\"column\">\n\t\t\t<div class=\"elementor-widget-wrap elementor-element-populated\">\n\t\t\t\t\t\t\t\t<div class=\"elementor-element elementor-element-537de1f elementor-widget elementor-widget-heading\" data-id=\"537de1f\" data-element_type=\"widget\" data-widget_type=\"heading.default\">\n\t\t\t\t<div class=\"elementor-widget-container\">\n\t\t\t<style>\/*! elementor - v3.18.0 - 08-12-2023 *\/\n.elementor-heading-title{padding:0;margin:0;line-height:1}.elementor-widget-heading .elementor-heading-title[class*=elementor-size-]>a{color:inherit;font-size:inherit;line-height:inherit}.elementor-widget-heading .elementor-heading-title.elementor-size-small{font-size:15px}.elementor-widget-heading .elementor-heading-title.elementor-size-medium{font-size:19px}.elementor-widget-heading .elementor-heading-title.elementor-size-large{font-size:29px}.elementor-widget-heading .elementor-heading-title.elementor-size-xl{font-size:39px}.elementor-widget-heading .elementor-heading-title.elementor-size-xxl{font-size:59px}<\/style><h1 class=\"elementor-heading-title elementor-size-default\">misiones COMERCIALES<\/h1>\t\t<\/div>\n\t\t\t\t<\/div>\n\t\t\t\t\t<\/div>\n\t\t<\/div>\n\t\t\t\t<div class=\"elementor-column elementor-col-33 elementor-top-column elementor-element elementor-element-4788e5dc\" data-id=\"4788e5dc\" data-element_type=\"column\">\n\t\t\t<div class=\"elementor-widget-wrap\">\n\t\t\t\t\t\t\t\t\t<\/div>\n\t\t<\/div>\n\t\t\t\t\t\t\t<\/div>\n\t\t<\/section>\n\t\t\t\t<section class=\"elementor-section elementor-top-section elementor-element elementor-element-938a329 elementor-section-height-min-height elementor-section-boxed elementor-section-height-default elementor-section-items-middle\" data-id=\"938a329\" data-element_type=\"section\">\n\t\t\t\t\t\t<div class=\"elementor-container elementor-column-gap-default\">\n\t\t\t\t\t<div class=\"elementor-column elementor-col-100 elementor-top-column elementor-element elementor-element-a1b1ba9\" data-id=\"a1b1ba9\" data-element_type=\"column\">\n\t\t\t<div class=\"elementor-widget-wrap elementor-element-populated\">\n\t\t\t\t\t\t\t\t<div class=\"elementor-element elementor-element-42fd904 elementor-widget elementor-widget-heading\" data-id=\"42fd904\" data-element_type=\"widget\" data-widget_type=\"heading.default\">\n\t\t\t\t<div class=\"elementor-widget-container\">\n\t\t\t<h2 class=\"elementor-heading-title elementor-size-default\">misiones comerciales<\/h2>\t\t<\/div>\n\t\t\t\t<\/div>\n\t\t\t\t<div class=\"elementor-element elementor-element-8dff22f elementor-widget elementor-widget-text-editor\" data-id=\"8dff22f\" data-element_type=\"widget\" data-widget_type=\"text-editor.default\">\n\t\t\t\t<div class=\"elementor-widget-container\">\n\t\t\t<style>\/*! elementor - v3.18.0 - 08-12-2023 *\/\n.elementor-widget-text-editor.elementor-drop-cap-view-stacked .elementor-drop-cap{background-color:#69727d;color:#fff}.elementor-widget-text-editor.elementor-drop-cap-view-framed .elementor-drop-cap{color:#69727d;border:3px solid;background-color:transparent}.elementor-widget-text-editor:not(.elementor-drop-cap-view-default) .elementor-drop-cap{margin-top:8px}.elementor-widget-text-editor:not(.elementor-drop-cap-view-default) .elementor-drop-cap-letter{width:1em;height:1em}.elementor-widget-text-editor .elementor-drop-cap{float:left;text-align:center;line-height:1;font-size:50px}.elementor-widget-text-editor .elementor-drop-cap-letter{display:inline-block}<\/style>\t\t\t\t<p style=\"text-align: center;\">En las misiones comerciales organizamos encuentros empresariales entre compradores y vendedores personalizados para una empresa, grupo de empresas o instituci\u00f3n oficial.<\/p><p style=\"text-align: center;\">El objetivo es buscar clientes internacionales, ya sean: importadores, distribuidores, restaurantes, supermercados o tiendas especializadas.<\/p><p style=\"text-align: center;\">Nos adaptamos a las necesitades de cada cliente.<\/p><p style=\"text-align: center;\">Estamos especializado en productos agroalimentarios (productos gourmet y vinos).<\/p>\t\t\t\t\t\t<\/div>\n\t\t\t\t<\/div>\n\t\t\t\t\t<\/div>\n\t\t<\/div>\n\t\t\t\t\t\t\t<\/div>\n\t\t<\/section>\n\t\t\t\t<section class=\"elementor-section elementor-top-section elementor-element elementor-element-2bd4f64 elementor-section-boxed elementor-section-height-default elementor-section-height-default\" data-id=\"2bd4f64\" data-element_type=\"section\">\n\t\t\t\t\t\t<div class=\"elementor-container elementor-column-gap-default\">\n\t\t\t\t\t<div class=\"elementor-column elementor-col-33 elementor-top-column elementor-element elementor-element-b83e577\" data-id=\"b83e577\" data-element_type=\"column\">\n\t\t\t<div class=\"elementor-widget-wrap elementor-element-populated\">\n\t\t\t\t\t\t\t\t<div class=\"elementor-element elementor-element-66d3a4a elementor-view-stacked elementor-shape-circle elementor-position-top elementor-mobile-position-top elementor-widget elementor-widget-icon-box\" data-id=\"66d3a4a\" data-element_type=\"widget\" data-widget_type=\"icon-box.default\">\n\t\t\t\t<div class=\"elementor-widget-container\">\n\t\t\t<link rel=\"stylesheet\" href=\"https:\/\/www.gourmetoverseas.com\/wp-content\/plugins\/elementor\/assets\/css\/widget-icon-box.min.css\">\t\t<div class=\"elementor-icon-box-wrapper\">\n\t\t\t\t\t\t<div class=\"elementor-icon-box-icon\">\n\t\t\t\t<span  class=\"elementor-icon elementor-animation-\">\n\t\t\t\t<i aria-hidden=\"true\" class=\"fas fa-arrow-circle-left\"><\/i>\t\t\t\t<\/span>\n\t\t\t<\/div>\n\t\t\t\t\t\t<div class=\"elementor-icon-box-content\">\n\t\t\t\t<h3 class=\"elementor-icon-box-title\">\n\t\t\t\t\t<span  >\n\t\t\t\t\t\tMISIONES COMERCIALES DIRECTAS\u200b\t\t\t\t\t<\/span>\n\t\t\t\t<\/h3>\n\t\t\t\t\t\t\t\t\t<p class=\"elementor-icon-box-description\">\n\t\t\t\t\t\tOrganizamos una agenda personalizada en el pa\u00eds de destino para una empresa o grupo de empresas que quieren aumentar su actividad exportadora y visitar el pa\u00eds.\t\t\t\t\t<\/p>\n\t\t\t\t\t\t\t<\/div>\n\t\t<\/div>\n\t\t\t\t<\/div>\n\t\t\t\t<\/div>\n\t\t\t\t\t<\/div>\n\t\t<\/div>\n\t\t\t\t<div class=\"elementor-column elementor-col-33 elementor-top-column elementor-element elementor-element-7920c5d\" data-id=\"7920c5d\" data-element_type=\"column\">\n\t\t\t<div class=\"elementor-widget-wrap elementor-element-populated\">\n\t\t\t\t\t\t\t\t<div class=\"elementor-element elementor-element-b8d7266 elementor-view-stacked elementor-shape-circle elementor-position-top elementor-mobile-position-top elementor-widget elementor-widget-icon-box\" data-id=\"b8d7266\" data-element_type=\"widget\" data-widget_type=\"icon-box.default\">\n\t\t\t\t<div class=\"elementor-widget-container\">\n\t\t\t\t\t<div class=\"elementor-icon-box-wrapper\">\n\t\t\t\t\t\t<div class=\"elementor-icon-box-icon\">\n\t\t\t\t<span  class=\"elementor-icon elementor-animation-\">\n\t\t\t\t<i aria-hidden=\"true\" class=\"fas fa-arrow-circle-right\"><\/i>\t\t\t\t<\/span>\n\t\t\t<\/div>\n\t\t\t\t\t\t<div class=\"elementor-icon-box-content\">\n\t\t\t\t<h3 class=\"elementor-icon-box-title\">\n\t\t\t\t\t<span  >\n\t\t\t\t\t\tMISIONES COMERCIALES INDIRECTAS\t\t\t\t\t<\/span>\n\t\t\t\t<\/h3>\n\t\t\t\t\t\t\t\t\t<p class=\"elementor-icon-box-description\">\n\t\t\t\t\t\tOrganizamos una visita personalizada de un grupo de compradores de productos agroalimentarios en una localizaci\u00f3n en Espa\u00f1a donde se re\u00fanen con exportadores. Habitualmente estos encuentros empresariales los promueven instituciones oficiales.\t\t\t\t\t<\/p>\n\t\t\t\t\t\t\t<\/div>\n\t\t<\/div>\n\t\t\t\t<\/div>\n\t\t\t\t<\/div>\n\t\t\t\t\t<\/div>\n\t\t<\/div>\n\t\t\t\t<div class=\"elementor-column elementor-col-33 elementor-top-column elementor-element elementor-element-2e62c7d\" data-id=\"2e62c7d\" data-element_type=\"column\">\n\t\t\t<div class=\"elementor-widget-wrap elementor-element-populated\">\n\t\t\t\t\t\t\t\t<div class=\"elementor-element elementor-element-a87345e elementor-view-stacked elementor-shape-circle elementor-position-top elementor-mobile-position-top elementor-widget elementor-widget-icon-box\" data-id=\"a87345e\" data-element_type=\"widget\" data-widget_type=\"icon-box.default\">\n\t\t\t\t<div class=\"elementor-widget-container\">\n\t\t\t\t\t<div class=\"elementor-icon-box-wrapper\">\n\t\t\t\t\t\t<div class=\"elementor-icon-box-icon\">\n\t\t\t\t<span  class=\"elementor-icon elementor-animation-\">\n\t\t\t\t<i aria-hidden=\"true\" class=\"fas fa-desktop\"><\/i>\t\t\t\t<\/span>\n\t\t\t<\/div>\n\t\t\t\t\t\t<div class=\"elementor-icon-box-content\">\n\t\t\t\t<h3 class=\"elementor-icon-box-title\">\n\t\t\t\t\t<span  >\n\t\t\t\t\t\tMISIONES COMERCIALES VIRTUALES\t\t\t\t\t<\/span>\n\t\t\t\t<\/h3>\n\t\t\t\t\t\t\t\t\t<p class=\"elementor-icon-box-description\">\n\t\t\t\t\t\tSon reuniones virtuales entre compradores y vendedores con el objetivo de favorecer el negocio de la empresa exportadora. Personalizamos las reuniones a cada empresa dependiendo del producto y del pa\u00eds objetivo.\t\t\t\t\t<\/p>\n\t\t\t\t\t\t\t<\/div>\n\t\t<\/div>\n\t\t\t\t<\/div>\n\t\t\t\t<\/div>\n\t\t\t\t\t<\/div>\n\t\t<\/div>\n\t\t\t\t\t\t\t<\/div>\n\t\t<\/section>\n\t\t\t\t\t\t\t<\/div>\n\t\t","protected":false},"excerpt":{"rendered":"<p>Services It&#8217;s Time to Start Your Adventures Click edit button to change this text. Lorem ipsum dolor sit amet, consectetur adipiscing elit. Ut elit tellus, luctus ullamcorpe pulvinar. Backpacking Trips Fuerat aestu carentem habentia spectent tonitrua mutastis locavit liberioris inistra possedit. Family Hiking Trips Fuerat aestu carentem habentia spectent tonitrua mutastis locavit liberioris inistra possedit. &hellip;<\/p>\n<p class=\"read-more\"> <a class=\"\" href=\"https:\/\/websitedemos.net\/outdoor-adventure-02\/services\/\"> <span class=\"screen-reader-text\">Services<\/span> Read More &raquo;<\/a><\/p>\n","protected":false},"author":2,"featured_media":0,"parent":667,"menu_order":0,"comment_status":"closed","ping_status":"closed","template":"elementor_header_footer","meta":{"site-sidebar-layout":"no-sidebar","site-content-layout":"page-builder","ast-main-header-display":"","ast-hfb-above-header-display":"","ast-hfb-below-header-display":"","ast-hfb-mobile-header-display":"","site-post-title":"disabled","ast-breadcrumbs-content":"","ast-featured-img":"disabled","footer-sml-layout":"","theme-transparent-header-meta":"enabled","adv-header-id-meta":"","stick-header-meta":"","header-above-stick-meta":"","header-main-stick-meta":"","header-below-stick-meta":"","footnotes":""},"class_list":["post-2180","page","type-page","status-publish","hentry"],"yoast_head":"<!-- This site is optimized with the Yoast SEO plugin v27.5 - https:\/\/yoast.com\/product\/yoast-seo-wordpress\/ -->\n<title>Misiones Comerciales - Gourmet Overseas<\/title>\n<meta name=\"description\" content=\"En las misiones comerciales organizamos encuentros empresariales entre compradores y vendedores personalizados para una empresa.\" \/>\n<meta name=\"robots\" content=\"index, follow, max-snippet:-1, max-image-preview:large, max-video-preview:-1\" \/>\n<link rel=\"canonical\" href=\"https:\/\/www.gourmetoverseas.com\/index.php\/servicios\/servicios-al-exportador\/misiones-comerciales\/\" \/>\n<meta property=\"og:locale\" content=\"es_ES\" \/>\n<meta property=\"og:type\" content=\"article\" \/>\n<meta property=\"og:title\" content=\"Misiones Comerciales - Gourmet Overseas\" \/>\n<meta property=\"og:description\" content=\"En las misiones comerciales organizamos encuentros empresariales entre compradores y vendedores personalizados para una empresa.\" \/>\n<meta property=\"og:url\" content=\"https:\/\/www.gourmetoverseas.com\/index.php\/servicios\/servicios-al-exportador\/misiones-comerciales\/\" \/>\n<meta property=\"og:site_name\" content=\"Gourmet Overseas\" \/>\n<meta property=\"article:modified_time\" content=\"2021-10-19T08:45:58+00:00\" \/>\n<meta name=\"twitter:card\" content=\"summary_large_image\" \/>\n<meta name=\"twitter:label1\" content=\"Tiempo de lectura\" \/>\n\t<meta name=\"twitter:data1\" content=\"1 minuto\" \/>\n<script type=\"application\/ld+json\" class=\"yoast-schema-graph\">{\"@context\":\"https:\\\/\\\/schema.org\",\"@graph\":[{\"@type\":\"WebPage\",\"@id\":\"https:\\\/\\\/www.gourmetoverseas.com\\\/index.php\\\/servicios\\\/servicios-al-exportador\\\/misiones-comerciales\\\/\",\"url\":\"https:\\\/\\\/www.gourmetoverseas.com\\\/index.php\\\/servicios\\\/servicios-al-exportador\\\/misiones-comerciales\\\/\",\"name\":\"Misiones Comerciales - Gourmet Overseas\",\"isPartOf\":{\"@id\":\"https:\\\/\\\/www.gourmetoverseas.com\\\/#website\"},\"datePublished\":\"2021-09-14T10:26:49+00:00\",\"dateModified\":\"2021-10-19T08:45:58+00:00\",\"description\":\"En las misiones comerciales organizamos encuentros empresariales entre compradores y vendedores personalizados para una empresa.\",\"breadcrumb\":{\"@id\":\"https:\\\/\\\/www.gourmetoverseas.com\\\/index.php\\\/servicios\\\/servicios-al-exportador\\\/misiones-comerciales\\\/#breadcrumb\"},\"inLanguage\":\"es\",\"potentialAction\":[{\"@type\":\"ReadAction\",\"target\":[\"https:\\\/\\\/www.gourmetoverseas.com\\\/index.php\\\/servicios\\\/servicios-al-exportador\\\/misiones-comerciales\\\/\"]}]},{\"@type\":\"BreadcrumbList\",\"@id\":\"https:\\\/\\\/www.gourmetoverseas.com\\\/index.php\\\/servicios\\\/servicios-al-exportador\\\/misiones-comerciales\\\/#breadcrumb\",\"itemListElement\":[{\"@type\":\"ListItem\",\"position\":1,\"name\":\"Portada\",\"item\":\"https:\\\/\\\/www.gourmetoverseas.com\\\/\"},{\"@type\":\"ListItem\",\"position\":2,\"name\":\"Servicios\",\"item\":\"https:\\\/\\\/www.gourmetoverseas.com\\\/index.php\\\/servicios\\\/\"},{\"@type\":\"ListItem\",\"position\":3,\"name\":\"Servicios al Exportador\",\"item\":\"https:\\\/\\\/www.gourmetoverseas.com\\\/index.php\\\/servicios\\\/servicios-al-exportador\\\/\"},{\"@type\":\"ListItem\",\"position\":4,\"name\":\"Misiones Comerciales\"}]},{\"@type\":\"WebSite\",\"@id\":\"https:\\\/\\\/www.gourmetoverseas.com\\\/#website\",\"url\":\"https:\\\/\\\/www.gourmetoverseas.com\\\/\",\"name\":\"Gourmet Overseas\",\"description\":\"Soluciones para la exportaci\u00f3n de productos agroalimentarios\",\"publisher\":{\"@id\":\"https:\\\/\\\/www.gourmetoverseas.com\\\/#organization\"},\"potentialAction\":[{\"@type\":\"SearchAction\",\"target\":{\"@type\":\"EntryPoint\",\"urlTemplate\":\"https:\\\/\\\/www.gourmetoverseas.com\\\/?s={search_term_string}\"},\"query-input\":{\"@type\":\"PropertyValueSpecification\",\"valueRequired\":true,\"valueName\":\"search_term_string\"}}],\"inLanguage\":\"es\"},{\"@type\":\"Organization\",\"@id\":\"https:\\\/\\\/www.gourmetoverseas.com\\\/#organization\",\"name\":\"Goumert Overseas\",\"url\":\"https:\\\/\\\/www.gourmetoverseas.com\\\/\",\"logo\":{\"@type\":\"ImageObject\",\"inLanguage\":\"es\",\"@id\":\"https:\\\/\\\/www.gourmetoverseas.com\\\/#\\\/schema\\\/logo\\\/image\\\/\",\"url\":\"https:\\\/\\\/i1.wp.com\\\/nueva.gourmetoverseas.com\\\/wp-content\\\/uploads\\\/2021\\\/08\\\/cropped-favicon.png?fit=512%2C512&ssl=1\",\"contentUrl\":\"https:\\\/\\\/i1.wp.com\\\/nueva.gourmetoverseas.com\\\/wp-content\\\/uploads\\\/2021\\\/08\\\/cropped-favicon.png?fit=512%2C512&ssl=1\",\"width\":512,\"height\":512,\"caption\":\"Goumert Overseas\"},\"image\":{\"@id\":\"https:\\\/\\\/www.gourmetoverseas.com\\\/#\\\/schema\\\/logo\\\/image\\\/\"}}]}<\/script>\n<!-- \/ Yoast SEO plugin. -->","yoast_head_json":{"title":"Misiones Comerciales - Gourmet Overseas","description":"En las misiones comerciales organizamos encuentros empresariales entre compradores y vendedores personalizados para una empresa.","robots":{"index":"index","follow":"follow","max-snippet":"max-snippet:-1","max-image-preview":"max-image-preview:large","max-video-preview":"max-video-preview:-1"},"canonical":"https:\/\/www.gourmetoverseas.com\/index.php\/servicios\/servicios-al-exportador\/misiones-comerciales\/","og_locale":"es_ES","og_type":"article","og_title":"Misiones Comerciales - Gourmet Overseas","og_description":"En las misiones comerciales organizamos encuentros empresariales entre compradores y vendedores personalizados para una empresa.","og_url":"https:\/\/www.gourmetoverseas.com\/index.php\/servicios\/servicios-al-exportador\/misiones-comerciales\/","og_site_name":"Gourmet Overseas","article_modified_time":"2021-10-19T08:45:58+00:00","twitter_card":"summary_large_image","twitter_misc":{"Tiempo de lectura":"1 minuto"},"schema":{"@context":"https:\/\/schema.org","@graph":[{"@type":"WebPage","@id":"https:\/\/www.gourmetoverseas.com\/index.php\/servicios\/servicios-al-exportador\/misiones-comerciales\/","url":"https:\/\/www.gourmetoverseas.com\/index.php\/servicios\/servicios-al-exportador\/misiones-comerciales\/","name":"Misiones Comerciales - Gourmet Overseas","isPartOf":{"@id":"https:\/\/www.gourmetoverseas.com\/#website"},"datePublished":"2021-09-14T10:26:49+00:00","dateModified":"2021-10-19T08:45:58+00:00","description":"En las misiones comerciales organizamos encuentros empresariales entre compradores y vendedores personalizados para una empresa.","breadcrumb":{"@id":"https:\/\/www.gourmetoverseas.com\/index.php\/servicios\/servicios-al-exportador\/misiones-comerciales\/#breadcrumb"},"inLanguage":"es","potentialAction":[{"@type":"ReadAction","target":["https:\/\/www.gourmetoverseas.com\/index.php\/servicios\/servicios-al-exportador\/misiones-comerciales\/"]}]},{"@type":"BreadcrumbList","@id":"https:\/\/www.gourmetoverseas.com\/index.php\/servicios\/servicios-al-exportador\/misiones-comerciales\/#breadcrumb","itemListElement":[{"@type":"ListItem","position":1,"name":"Portada","item":"https:\/\/www.gourmetoverseas.com\/"},{"@type":"ListItem","position":2,"name":"Servicios","item":"https:\/\/www.gourmetoverseas.com\/index.php\/servicios\/"},{"@type":"ListItem","position":3,"name":"Servicios al Exportador","item":"https:\/\/www.gourmetoverseas.com\/index.php\/servicios\/servicios-al-exportador\/"},{"@type":"ListItem","position":4,"name":"Misiones Comerciales"}]},{"@type":"WebSite","@id":"https:\/\/www.gourmetoverseas.com\/#website","url":"https:\/\/www.gourmetoverseas.com\/","name":"Gourmet Overseas","description":"Soluciones para la exportaci\u00f3n de productos agroalimentarios","publisher":{"@id":"https:\/\/www.gourmetoverseas.com\/#organization"},"potentialAction":[{"@type":"SearchAction","target":{"@type":"EntryPoint","urlTemplate":"https:\/\/www.gourmetoverseas.com\/?s={search_term_string}"},"query-input":{"@type":"PropertyValueSpecification","valueRequired":true,"valueName":"search_term_string"}}],"inLanguage":"es"},{"@type":"Organization","@id":"https:\/\/www.gourmetoverseas.com\/#organization","name":"Goumert Overseas","url":"https:\/\/www.gourmetoverseas.com\/","logo":{"@type":"ImageObject","inLanguage":"es","@id":"https:\/\/www.gourmetoverseas.com\/#\/schema\/logo\/image\/","url":"https:\/\/i1.wp.com\/nueva.gourmetoverseas.com\/wp-content\/uploads\/2021\/08\/cropped-favicon.png?fit=512%2C512&ssl=1","contentUrl":"https:\/\/i1.wp.com\/nueva.gourmetoverseas.com\/wp-content\/uploads\/2021\/08\/cropped-favicon.png?fit=512%2C512&ssl=1","width":512,"height":512,"caption":"Goumert Overseas"},"image":{"@id":"https:\/\/www.gourmetoverseas.com\/#\/schema\/logo\/image\/"}}]}},"jetpack_sharing_enabled":true,"_links":{"self":[{"href":"https:\/\/www.gourmetoverseas.com\/index.php\/wp-json\/wp\/v2\/pages\/2180","targetHints":{"allow":["GET"]}}],"collection":[{"href":"https:\/\/www.gourmetoverseas.com\/index.php\/wp-json\/wp\/v2\/pages"}],"about":[{"href":"https:\/\/www.gourmetoverseas.com\/index.php\/wp-json\/wp\/v2\/types\/page"}],"author":[{"embeddable":true,"href":"https:\/\/www.gourmetoverseas.com\/index.php\/wp-json\/wp\/v2\/users\/2"}],"replies":[{"embeddable":true,"href":"https:\/\/www.gourmetoverseas.com\/index.php\/wp-json\/wp\/v2\/comments?post=2180"}],"version-history":[{"count":26,"href":"https:\/\/www.gourmetoverseas.com\/index.php\/wp-json\/wp\/v2\/pages\/2180\/revisions"}],"predecessor-version":[{"id":2768,"href":"https:\/\/www.gourmetoverseas.com\/index.php\/wp-json\/wp\/v2\/pages\/2180\/revisions\/2768"}],"up":[{"embeddable":true,"href":"https:\/\/www.gourmetoverseas.com\/index.php\/wp-json\/wp\/v2\/pages\/667"}],"wp:attachment":[{"href":"https:\/\/www.gourmetoverseas.com\/index.php\/wp-json\/wp\/v2\/media?parent=2180"}],"curies":[{"name":"wp","href":"https:\/\/api.w.org\/{rel}","templated":true}]}}