{"id":1270,"date":"2021-08-26T10:56:21","date_gmt":"2021-08-26T08:56:21","guid":{"rendered":"https:\/\/www.gourmetoverseas.com\/index.php\/services\/"},"modified":"2021-10-05T13:18:24","modified_gmt":"2021-10-05T11:18:24","slug":"services","status":"publish","type":"page","link":"https:\/\/www.gourmetoverseas.com\/fr\/index.php\/services\/","title":{"rendered":"Services"},"content":{"rendered":"\t\t<div data-elementor-type=\"wp-page\" data-elementor-id=\"1270\" class=\"elementor elementor-1270 elementor-217\">\n\t\t\t\t\t\t\t\t\t<section class=\"elementor-section elementor-top-section elementor-element elementor-element-1b0a5d33 elementor-section-boxed elementor-section-height-default elementor-section-height-default\" data-id=\"1b0a5d33\" data-element_type=\"section\" data-settings=\"{&quot;background_background&quot;:&quot;classic&quot;}\">\n\t\t\t\t\t\t\t<div class=\"elementor-background-overlay\"><\/div>\n\t\t\t\t\t\t\t<div class=\"elementor-container elementor-column-gap-default\">\n\t\t\t\t\t<div class=\"elementor-column elementor-col-100 elementor-top-column elementor-element elementor-element-1f841ba\" data-id=\"1f841ba\" data-element_type=\"column\">\n\t\t\t<div class=\"elementor-widget-wrap elementor-element-populated\">\n\t\t\t\t\t\t\t\t<div class=\"elementor-element elementor-element-365ba0bd elementor-widget elementor-widget-heading\" data-id=\"365ba0bd\" data-element_type=\"widget\" data-widget_type=\"heading.default\">\n\t\t\t\t<div class=\"elementor-widget-container\">\n\t\t\t<style>\/*! elementor - v3.18.0 - 08-12-2023 *\/\n.elementor-heading-title{padding:0;margin:0;line-height:1}.elementor-widget-heading .elementor-heading-title[class*=elementor-size-]>a{color:inherit;font-size:inherit;line-height:inherit}.elementor-widget-heading .elementor-heading-title.elementor-size-small{font-size:15px}.elementor-widget-heading .elementor-heading-title.elementor-size-medium{font-size:19px}.elementor-widget-heading .elementor-heading-title.elementor-size-large{font-size:29px}.elementor-widget-heading .elementor-heading-title.elementor-size-xl{font-size:39px}.elementor-widget-heading .elementor-heading-title.elementor-size-xxl{font-size:59px}<\/style><h1 class=\"elementor-heading-title elementor-size-default\">NOS SERVICES<\/h1>\t\t<\/div>\n\t\t\t\t<\/div>\n\t\t\t\t\t<\/div>\n\t\t<\/div>\n\t\t\t\t\t\t\t<\/div>\n\t\t<\/section>\n\t\t\t\t<section class=\"elementor-section elementor-top-section elementor-element elementor-element-4d2c9e9 elementor-reverse-mobile elementor-section-boxed elementor-section-height-default elementor-section-height-default\" data-id=\"4d2c9e9\" data-element_type=\"section\" data-settings=\"{&quot;background_background&quot;:&quot;classic&quot;}\">\n\t\t\t\t\t\t<div class=\"elementor-container elementor-column-gap-no\">\n\t\t\t\t\t<div class=\"elementor-column elementor-col-50 elementor-top-column elementor-element elementor-element-1148300\" data-id=\"1148300\" data-element_type=\"column\">\n\t\t\t<div class=\"elementor-widget-wrap elementor-element-populated\">\n\t\t\t\t\t\t\t\t<div class=\"elementor-element elementor-element-5070b618 elementor-widget elementor-widget-heading\" data-id=\"5070b618\" data-element_type=\"widget\" data-widget_type=\"heading.default\">\n\t\t\t\t<div class=\"elementor-widget-container\">\n\t\t\t<h2 class=\"elementor-heading-title elementor-size-default\">SERVICES \u00c0 L\u2019EXPORTATEUR<\/h2>\t\t<\/div>\n\t\t\t\t<\/div>\n\t\t\t\t<div class=\"elementor-element elementor-element-62d352e2 elementor-widget elementor-widget-text-editor\" data-id=\"62d352e2\" data-element_type=\"widget\" data-widget_type=\"text-editor.default\">\n\t\t\t\t<div class=\"elementor-widget-container\">\n\t\t\t<style>\/*! elementor - v3.18.0 - 08-12-2023 *\/\n.elementor-widget-text-editor.elementor-drop-cap-view-stacked .elementor-drop-cap{background-color:#69727d;color:#fff}.elementor-widget-text-editor.elementor-drop-cap-view-framed .elementor-drop-cap{color:#69727d;border:3px solid;background-color:transparent}.elementor-widget-text-editor:not(.elementor-drop-cap-view-default) .elementor-drop-cap{margin-top:8px}.elementor-widget-text-editor:not(.elementor-drop-cap-view-default) .elementor-drop-cap-letter{width:1em;height:1em}.elementor-widget-text-editor .elementor-drop-cap{float:left;text-align:center;line-height:1;font-size:50px}.elementor-widget-text-editor .elementor-drop-cap-letter{display:inline-block}<\/style>\t\t\t\t<p style=\"text-align: justify;\">Nous proposons nos services professionnels aux exportateurs potentiels, naissants ou actuels de petites et moyennes entreprises qui d\u00e9sirent agrandir leur activit\u00e9 exportatrice. Ces entreprises manquent souvent de personnel professionnel du commerce ext\u00e9rieur qui soit capable de prendre les d\u00e9cisions appropri\u00e9es et de r\u00e9soudre les probl\u00e8mes de commerce ext\u00e9rieur qui peuvent se pr\u00e9senter. <\/p>\n\t\t\t\t\t\t<\/div>\n\t\t\t\t<\/div>\n\t\t\t\t<div class=\"elementor-element elementor-element-7334a220 elementor-widget elementor-widget-button\" data-id=\"7334a220\" data-element_type=\"widget\" data-widget_type=\"button.default\">\n\t\t\t\t<div class=\"elementor-widget-container\">\n\t\t\t\t\t<div class=\"elementor-button-wrapper\">\n\t\t\t<a class=\"elementor-button elementor-button-link elementor-size-sm\" href=\"https:\/\/www.gourmetoverseas.com\/fr\/index.php\/services\/services-a-lexportateur\/\">\n\t\t\t\t\t\t<span class=\"elementor-button-content-wrapper\">\n\t\t\t\t\t\t<span class=\"elementor-button-text\">plus d'informations<\/span>\n\t\t<\/span>\n\t\t\t\t\t<\/a>\n\t\t<\/div>\n\t\t\t\t<\/div>\n\t\t\t\t<\/div>\n\t\t\t\t\t<\/div>\n\t\t<\/div>\n\t\t\t\t<div class=\"elementor-column elementor-col-50 elementor-top-column elementor-element elementor-element-7285665\" data-id=\"7285665\" data-element_type=\"column\">\n\t\t\t<div class=\"elementor-widget-wrap elementor-element-populated\">\n\t\t\t\t\t\t\t\t<div class=\"elementor-element elementor-element-508aa5f0 elementor-widget elementor-widget-image\" data-id=\"508aa5f0\" data-element_type=\"widget\" data-widget_type=\"image.default\">\n\t\t\t\t<div class=\"elementor-widget-container\">\n\t\t\t<style>\/*! elementor - v3.18.0 - 08-12-2023 *\/\n.elementor-widget-image{text-align:center}.elementor-widget-image a{display:inline-block}.elementor-widget-image a img[src$=\".svg\"]{width:48px}.elementor-widget-image img{vertical-align:middle;display:inline-block}<\/style>\t\t\t\t\t\t\t\t\t\t\t\t<img fetchpriority=\"high\" decoding=\"async\" width=\"768\" height=\"513\" src=\"https:\/\/i0.wp.com\/www.gourmetoverseas.com\/wp-content\/uploads\/2021\/09\/ExportManager1.png?fit=768%2C513&amp;ssl=1\" class=\"attachment-medium_large size-medium_large wp-image-2241\" alt=\"Servicios Export Manager\" srcset=\"https:\/\/i0.wp.com\/www.gourmetoverseas.com\/wp-content\/uploads\/2021\/09\/ExportManager1.png?w=1611&amp;ssl=1 1611w, https:\/\/i0.wp.com\/www.gourmetoverseas.com\/wp-content\/uploads\/2021\/09\/ExportManager1.png?resize=300%2C201&amp;ssl=1 300w, https:\/\/i0.wp.com\/www.gourmetoverseas.com\/wp-content\/uploads\/2021\/09\/ExportManager1.png?resize=1024%2C685&amp;ssl=1 1024w, https:\/\/i0.wp.com\/www.gourmetoverseas.com\/wp-content\/uploads\/2021\/09\/ExportManager1.png?resize=768%2C513&amp;ssl=1 768w, https:\/\/i0.wp.com\/www.gourmetoverseas.com\/wp-content\/uploads\/2021\/09\/ExportManager1.png?resize=1536%2C1027&amp;ssl=1 1536w\" sizes=\"(max-width: 768px) 100vw, 768px\" \/>\t\t\t\t\t\t\t\t\t\t\t\t\t\t\t<\/div>\n\t\t\t\t<\/div>\n\t\t\t\t\t<\/div>\n\t\t<\/div>\n\t\t\t\t\t\t\t<\/div>\n\t\t<\/section>\n\t\t\t\t<section class=\"elementor-section elementor-top-section elementor-element elementor-element-9e09982 elementor-section-boxed elementor-section-height-default elementor-section-height-default\" data-id=\"9e09982\" data-element_type=\"section\" data-settings=\"{&quot;background_background&quot;:&quot;classic&quot;}\">\n\t\t\t\t\t\t<div class=\"elementor-container elementor-column-gap-no\">\n\t\t\t\t\t<div class=\"elementor-column elementor-col-50 elementor-top-column elementor-element elementor-element-4b9de95\" data-id=\"4b9de95\" data-element_type=\"column\">\n\t\t\t<div class=\"elementor-widget-wrap elementor-element-populated\">\n\t\t\t\t\t\t\t\t<div class=\"elementor-element elementor-element-1fab74e0 elementor-widget elementor-widget-image\" data-id=\"1fab74e0\" data-element_type=\"widget\" data-widget_type=\"image.default\">\n\t\t\t\t<div class=\"elementor-widget-container\">\n\t\t\t\t\t\t\t\t\t\t\t\t\t\t\t<img decoding=\"async\" width=\"1024\" height=\"683\" data-src=\"https:\/\/i0.wp.com\/www.gourmetoverseas.com\/wp-content\/uploads\/2021\/09\/expandir-actividad-scaled.jpeg?fit=1024%2C683&amp;ssl=1\" class=\"attachment-large size-large wp-image-2247 lazyload\" alt=\"\" data-srcset=\"https:\/\/i0.wp.com\/www.gourmetoverseas.com\/wp-content\/uploads\/2021\/09\/expandir-actividad-scaled.jpeg?w=2560&amp;ssl=1 2560w, https:\/\/i0.wp.com\/www.gourmetoverseas.com\/wp-content\/uploads\/2021\/09\/expandir-actividad-scaled.jpeg?resize=300%2C200&amp;ssl=1 300w, https:\/\/i0.wp.com\/www.gourmetoverseas.com\/wp-content\/uploads\/2021\/09\/expandir-actividad-scaled.jpeg?resize=1024%2C683&amp;ssl=1 1024w, https:\/\/i0.wp.com\/www.gourmetoverseas.com\/wp-content\/uploads\/2021\/09\/expandir-actividad-scaled.jpeg?resize=768%2C512&amp;ssl=1 768w, https:\/\/i0.wp.com\/www.gourmetoverseas.com\/wp-content\/uploads\/2021\/09\/expandir-actividad-scaled.jpeg?resize=1536%2C1024&amp;ssl=1 1536w, https:\/\/i0.wp.com\/www.gourmetoverseas.com\/wp-content\/uploads\/2021\/09\/expandir-actividad-scaled.jpeg?resize=2048%2C1365&amp;ssl=1 2048w\" data-sizes=\"(max-width: 1000px) 100vw, 1000px\" src=\"data:image\/svg+xml;base64,PHN2ZyB3aWR0aD0iMSIgaGVpZ2h0PSIxIiB4bWxucz0iaHR0cDovL3d3dy53My5vcmcvMjAwMC9zdmciPjwvc3ZnPg==\" style=\"--smush-placeholder-width: 1024px; --smush-placeholder-aspect-ratio: 1024\/683;\" \/>\t\t\t\t\t\t\t\t\t\t\t\t\t\t\t<\/div>\n\t\t\t\t<\/div>\n\t\t\t\t\t<\/div>\n\t\t<\/div>\n\t\t\t\t<div class=\"elementor-column elementor-col-50 elementor-top-column elementor-element elementor-element-ddc17dc\" data-id=\"ddc17dc\" data-element_type=\"column\">\n\t\t\t<div class=\"elementor-widget-wrap elementor-element-populated\">\n\t\t\t\t\t\t\t\t<div class=\"elementor-element elementor-element-d8c8a33 elementor-widget elementor-widget-heading\" data-id=\"d8c8a33\" data-element_type=\"widget\" data-widget_type=\"heading.default\">\n\t\t\t\t<div class=\"elementor-widget-container\">\n\t\t\t<h2 class=\"elementor-heading-title elementor-size-default\">SERVICIOS AL IMPORTADOR<\/h2>\t\t<\/div>\n\t\t\t\t<\/div>\n\t\t\t\t<div class=\"elementor-element elementor-element-3437ae6 elementor-widget elementor-widget-text-editor\" data-id=\"3437ae6\" data-element_type=\"widget\" data-widget_type=\"text-editor.default\">\n\t\t\t\t<div class=\"elementor-widget-container\">\n\t\t\t\t\t\t\t<p style=\"text-align: justify;\">Si vous \u00eates importateur et vous cherchez un fournisseur d\u2019un produit agroalimentaire d\u2019origine espagnole qui soit pr\u00e9par\u00e9 pour travailler dans le commerce international, nous vous offrons.<\/p>\n\t\t\t\t\t\t<\/div>\n\t\t\t\t<\/div>\n\t\t\t\t<div class=\"elementor-element elementor-element-d6d9527 elementor-widget elementor-widget-button\" data-id=\"d6d9527\" data-element_type=\"widget\" data-widget_type=\"button.default\">\n\t\t\t\t<div class=\"elementor-widget-container\">\n\t\t\t\t\t<div class=\"elementor-button-wrapper\">\n\t\t\t<a class=\"elementor-button elementor-button-link elementor-size-sm\" href=\"https:\/\/www.gourmetoverseas.com\/fr\/index.php\/services\/services-au-importateur\/\">\n\t\t\t\t\t\t<span class=\"elementor-button-content-wrapper\">\n\t\t\t\t\t\t<span class=\"elementor-button-text\">lire plus<\/span>\n\t\t<\/span>\n\t\t\t\t\t<\/a>\n\t\t<\/div>\n\t\t\t\t<\/div>\n\t\t\t\t<\/div>\n\t\t\t\t\t<\/div>\n\t\t<\/div>\n\t\t\t\t\t\t\t<\/div>\n\t\t<\/section>\n\t\t\t\t\t\t\t<\/div>\n\t\t","protected":false},"excerpt":{"rendered":"<p>NOS SERVICES SERVICES \u00c0 L\u2019EXPORTATEUR Nous proposons nos services professionnels aux exportateurs potentiels, naissants ou actuels de petites et moyennes entreprises qui d\u00e9sirent agrandir leur activit\u00e9 exportatrice. Ces entreprises manquent souvent de personnel professionnel du commerce ext\u00e9rieur qui soit capable de prendre les d\u00e9cisions appropri\u00e9es et de r\u00e9soudre les probl\u00e8mes de commerce ext\u00e9rieur qui peuvent &hellip;<\/p>\n<p class=\"read-more\"> <a class=\"\" href=\"https:\/\/www.gourmetoverseas.com\/fr\/index.php\/services\/\"> <span class=\"screen-reader-text\">Services<\/span> Lire la suite\u00a0\u00bb<\/a><\/p>\n","protected":false},"author":2,"featured_media":0,"parent":0,"menu_order":0,"comment_status":"closed","ping_status":"closed","template":"","meta":{"site-sidebar-layout":"no-sidebar","site-content-layout":"page-builder","ast-main-header-display":"","ast-hfb-above-header-display":"","ast-hfb-below-header-display":"","ast-hfb-mobile-header-display":"","site-post-title":"disabled","ast-breadcrumbs-content":"","ast-featured-img":"","footer-sml-layout":"","theme-transparent-header-meta":"enabled","adv-header-id-meta":"","stick-header-meta":"","header-above-stick-meta":"","header-main-stick-meta":"","header-below-stick-meta":"","footnotes":""},"class_list":["post-1270","page","type-page","status-publish","hentry"],"yoast_head":"<!-- This site is optimized with the Yoast SEO plugin v27.5 - https:\/\/yoast.com\/product\/yoast-seo-wordpress\/ -->\n<title>Services - Gourmet Overseas<\/title>\n<meta name=\"description\" content=\"Nous offrons nos services professionnels aux exportateurs potentiels ainsi qu&#039;aux importateurs de produits agroalimentaires.\" \/>\n<meta name=\"robots\" content=\"index, follow, max-snippet:-1, max-image-preview:large, max-video-preview:-1\" \/>\n<link rel=\"canonical\" href=\"https:\/\/www.gourmetoverseas.com\/fr\/index.php\/services\/\" \/>\n<meta property=\"og:locale\" content=\"fr_FR\" \/>\n<meta property=\"og:type\" content=\"article\" \/>\n<meta property=\"og:title\" content=\"Services - Gourmet Overseas\" \/>\n<meta property=\"og:description\" content=\"Nous offrons nos services professionnels aux exportateurs potentiels ainsi qu&#039;aux importateurs de produits agroalimentaires.\" \/>\n<meta property=\"og:url\" content=\"https:\/\/www.gourmetoverseas.com\/fr\/index.php\/services\/\" \/>\n<meta property=\"og:site_name\" content=\"Gourmet Overseas\" \/>\n<meta property=\"article:modified_time\" content=\"2021-10-05T11:18:24+00:00\" \/>\n<meta property=\"og:image\" content=\"https:\/\/i2.wp.com\/www.gourmetoverseas.com\/wp-content\/uploads\/2021\/09\/ExportManager1.png?fit=768%2C513&amp;ssl=1\" \/>\n<meta name=\"twitter:card\" content=\"summary_large_image\" \/>\n<meta name=\"twitter:label1\" content=\"Dur\u00e9e de lecture estim\u00e9e\" \/>\n\t<meta name=\"twitter:data1\" content=\"1 minute\" \/>\n<script type=\"application\/ld+json\" class=\"yoast-schema-graph\">{\"@context\":\"https:\\\/\\\/schema.org\",\"@graph\":[{\"@type\":\"WebPage\",\"@id\":\"https:\\\/\\\/www.gourmetoverseas.com\\\/fr\\\/index.php\\\/services\\\/\",\"url\":\"https:\\\/\\\/www.gourmetoverseas.com\\\/fr\\\/index.php\\\/services\\\/\",\"name\":\"Services - Gourmet Overseas\",\"isPartOf\":{\"@id\":\"https:\\\/\\\/www.gourmetoverseas.com\\\/fr\\\/#website\"},\"primaryImageOfPage\":{\"@id\":\"https:\\\/\\\/www.gourmetoverseas.com\\\/fr\\\/index.php\\\/services\\\/#primaryimage\"},\"image\":{\"@id\":\"https:\\\/\\\/www.gourmetoverseas.com\\\/fr\\\/index.php\\\/services\\\/#primaryimage\"},\"thumbnailUrl\":\"https:\\\/\\\/i2.wp.com\\\/www.gourmetoverseas.com\\\/wp-content\\\/uploads\\\/2021\\\/09\\\/ExportManager1.png?fit=768%2C513&amp;ssl=1\",\"datePublished\":\"2021-08-26T08:56:21+00:00\",\"dateModified\":\"2021-10-05T11:18:24+00:00\",\"description\":\"Nous offrons nos services professionnels aux exportateurs potentiels ainsi qu'aux importateurs de produits agroalimentaires.\",\"breadcrumb\":{\"@id\":\"https:\\\/\\\/www.gourmetoverseas.com\\\/fr\\\/index.php\\\/services\\\/#breadcrumb\"},\"inLanguage\":\"fr-FR\",\"potentialAction\":[{\"@type\":\"ReadAction\",\"target\":[\"https:\\\/\\\/www.gourmetoverseas.com\\\/fr\\\/index.php\\\/services\\\/\"]}]},{\"@type\":\"ImageObject\",\"inLanguage\":\"fr-FR\",\"@id\":\"https:\\\/\\\/www.gourmetoverseas.com\\\/fr\\\/index.php\\\/services\\\/#primaryimage\",\"url\":\"https:\\\/\\\/i2.wp.com\\\/www.gourmetoverseas.com\\\/wp-content\\\/uploads\\\/2021\\\/09\\\/ExportManager1.png?fit=768%2C513&amp;ssl=1\",\"contentUrl\":\"https:\\\/\\\/i2.wp.com\\\/www.gourmetoverseas.com\\\/wp-content\\\/uploads\\\/2021\\\/09\\\/ExportManager1.png?fit=768%2C513&amp;ssl=1\"},{\"@type\":\"BreadcrumbList\",\"@id\":\"https:\\\/\\\/www.gourmetoverseas.com\\\/fr\\\/index.php\\\/services\\\/#breadcrumb\",\"itemListElement\":[{\"@type\":\"ListItem\",\"position\":1,\"name\":\"Portada\",\"item\":\"https:\\\/\\\/www.gourmetoverseas.com\\\/fr\\\/\"},{\"@type\":\"ListItem\",\"position\":2,\"name\":\"Services\"}]},{\"@type\":\"WebSite\",\"@id\":\"https:\\\/\\\/www.gourmetoverseas.com\\\/fr\\\/#website\",\"url\":\"https:\\\/\\\/www.gourmetoverseas.com\\\/fr\\\/\",\"name\":\"Gourmet Overseas\",\"description\":\"Soluciones para la exportaci\u00f3n de productos agroalimentarios\",\"publisher\":{\"@id\":\"https:\\\/\\\/www.gourmetoverseas.com\\\/fr\\\/#organization\"},\"potentialAction\":[{\"@type\":\"SearchAction\",\"target\":{\"@type\":\"EntryPoint\",\"urlTemplate\":\"https:\\\/\\\/www.gourmetoverseas.com\\\/fr\\\/?s={search_term_string}\"},\"query-input\":{\"@type\":\"PropertyValueSpecification\",\"valueRequired\":true,\"valueName\":\"search_term_string\"}}],\"inLanguage\":\"fr-FR\"},{\"@type\":\"Organization\",\"@id\":\"https:\\\/\\\/www.gourmetoverseas.com\\\/fr\\\/#organization\",\"name\":\"Goumert Overseas\",\"url\":\"https:\\\/\\\/www.gourmetoverseas.com\\\/fr\\\/\",\"logo\":{\"@type\":\"ImageObject\",\"inLanguage\":\"fr-FR\",\"@id\":\"https:\\\/\\\/www.gourmetoverseas.com\\\/fr\\\/#\\\/schema\\\/logo\\\/image\\\/\",\"url\":\"https:\\\/\\\/i1.wp.com\\\/nueva.gourmetoverseas.com\\\/wp-content\\\/uploads\\\/2021\\\/08\\\/cropped-favicon.png?fit=512%2C512&ssl=1\",\"contentUrl\":\"https:\\\/\\\/i1.wp.com\\\/nueva.gourmetoverseas.com\\\/wp-content\\\/uploads\\\/2021\\\/08\\\/cropped-favicon.png?fit=512%2C512&ssl=1\",\"width\":512,\"height\":512,\"caption\":\"Goumert Overseas\"},\"image\":{\"@id\":\"https:\\\/\\\/www.gourmetoverseas.com\\\/fr\\\/#\\\/schema\\\/logo\\\/image\\\/\"}}]}<\/script>\n<!-- \/ Yoast SEO plugin. -->","yoast_head_json":{"title":"Services - Gourmet Overseas","description":"Nous offrons nos services professionnels aux exportateurs potentiels ainsi qu'aux importateurs de produits agroalimentaires.","robots":{"index":"index","follow":"follow","max-snippet":"max-snippet:-1","max-image-preview":"max-image-preview:large","max-video-preview":"max-video-preview:-1"},"canonical":"https:\/\/www.gourmetoverseas.com\/fr\/index.php\/services\/","og_locale":"fr_FR","og_type":"article","og_title":"Services - Gourmet Overseas","og_description":"Nous offrons nos services professionnels aux exportateurs potentiels ainsi qu'aux importateurs de produits agroalimentaires.","og_url":"https:\/\/www.gourmetoverseas.com\/fr\/index.php\/services\/","og_site_name":"Gourmet Overseas","article_modified_time":"2021-10-05T11:18:24+00:00","og_image":[{"url":"https:\/\/i2.wp.com\/www.gourmetoverseas.com\/wp-content\/uploads\/2021\/09\/ExportManager1.png?fit=768%2C513&amp;ssl=1","type":"","width":"","height":""}],"twitter_card":"summary_large_image","twitter_misc":{"Dur\u00e9e de lecture estim\u00e9e":"1 minute"},"schema":{"@context":"https:\/\/schema.org","@graph":[{"@type":"WebPage","@id":"https:\/\/www.gourmetoverseas.com\/fr\/index.php\/services\/","url":"https:\/\/www.gourmetoverseas.com\/fr\/index.php\/services\/","name":"Services - Gourmet Overseas","isPartOf":{"@id":"https:\/\/www.gourmetoverseas.com\/fr\/#website"},"primaryImageOfPage":{"@id":"https:\/\/www.gourmetoverseas.com\/fr\/index.php\/services\/#primaryimage"},"image":{"@id":"https:\/\/www.gourmetoverseas.com\/fr\/index.php\/services\/#primaryimage"},"thumbnailUrl":"https:\/\/i2.wp.com\/www.gourmetoverseas.com\/wp-content\/uploads\/2021\/09\/ExportManager1.png?fit=768%2C513&amp;ssl=1","datePublished":"2021-08-26T08:56:21+00:00","dateModified":"2021-10-05T11:18:24+00:00","description":"Nous offrons nos services professionnels aux exportateurs potentiels ainsi qu'aux importateurs de produits agroalimentaires.","breadcrumb":{"@id":"https:\/\/www.gourmetoverseas.com\/fr\/index.php\/services\/#breadcrumb"},"inLanguage":"fr-FR","potentialAction":[{"@type":"ReadAction","target":["https:\/\/www.gourmetoverseas.com\/fr\/index.php\/services\/"]}]},{"@type":"ImageObject","inLanguage":"fr-FR","@id":"https:\/\/www.gourmetoverseas.com\/fr\/index.php\/services\/#primaryimage","url":"https:\/\/i2.wp.com\/www.gourmetoverseas.com\/wp-content\/uploads\/2021\/09\/ExportManager1.png?fit=768%2C513&amp;ssl=1","contentUrl":"https:\/\/i2.wp.com\/www.gourmetoverseas.com\/wp-content\/uploads\/2021\/09\/ExportManager1.png?fit=768%2C513&amp;ssl=1"},{"@type":"BreadcrumbList","@id":"https:\/\/www.gourmetoverseas.com\/fr\/index.php\/services\/#breadcrumb","itemListElement":[{"@type":"ListItem","position":1,"name":"Portada","item":"https:\/\/www.gourmetoverseas.com\/fr\/"},{"@type":"ListItem","position":2,"name":"Services"}]},{"@type":"WebSite","@id":"https:\/\/www.gourmetoverseas.com\/fr\/#website","url":"https:\/\/www.gourmetoverseas.com\/fr\/","name":"Gourmet Overseas","description":"Soluciones para la exportaci\u00f3n de productos agroalimentarios","publisher":{"@id":"https:\/\/www.gourmetoverseas.com\/fr\/#organization"},"potentialAction":[{"@type":"SearchAction","target":{"@type":"EntryPoint","urlTemplate":"https:\/\/www.gourmetoverseas.com\/fr\/?s={search_term_string}"},"query-input":{"@type":"PropertyValueSpecification","valueRequired":true,"valueName":"search_term_string"}}],"inLanguage":"fr-FR"},{"@type":"Organization","@id":"https:\/\/www.gourmetoverseas.com\/fr\/#organization","name":"Goumert Overseas","url":"https:\/\/www.gourmetoverseas.com\/fr\/","logo":{"@type":"ImageObject","inLanguage":"fr-FR","@id":"https:\/\/www.gourmetoverseas.com\/fr\/#\/schema\/logo\/image\/","url":"https:\/\/i1.wp.com\/nueva.gourmetoverseas.com\/wp-content\/uploads\/2021\/08\/cropped-favicon.png?fit=512%2C512&ssl=1","contentUrl":"https:\/\/i1.wp.com\/nueva.gourmetoverseas.com\/wp-content\/uploads\/2021\/08\/cropped-favicon.png?fit=512%2C512&ssl=1","width":512,"height":512,"caption":"Goumert Overseas"},"image":{"@id":"https:\/\/www.gourmetoverseas.com\/fr\/#\/schema\/logo\/image\/"}}]}},"jetpack_sharing_enabled":true,"_links":{"self":[{"href":"https:\/\/www.gourmetoverseas.com\/fr\/index.php\/wp-json\/wp\/v2\/pages\/1270","targetHints":{"allow":["GET"]}}],"collection":[{"href":"https:\/\/www.gourmetoverseas.com\/fr\/index.php\/wp-json\/wp\/v2\/pages"}],"about":[{"href":"https:\/\/www.gourmetoverseas.com\/fr\/index.php\/wp-json\/wp\/v2\/types\/page"}],"author":[{"embeddable":true,"href":"https:\/\/www.gourmetoverseas.com\/fr\/index.php\/wp-json\/wp\/v2\/users\/2"}],"replies":[{"embeddable":true,"href":"https:\/\/www.gourmetoverseas.com\/fr\/index.php\/wp-json\/wp\/v2\/comments?post=1270"}],"version-history":[{"count":24,"href":"https:\/\/www.gourmetoverseas.com\/fr\/index.php\/wp-json\/wp\/v2\/pages\/1270\/revisions"}],"predecessor-version":[{"id":2636,"href":"https:\/\/www.gourmetoverseas.com\/fr\/index.php\/wp-json\/wp\/v2\/pages\/1270\/revisions\/2636"}],"wp:attachment":[{"href":"https:\/\/www.gourmetoverseas.com\/fr\/index.php\/wp-json\/wp\/v2\/media?parent=1270"}],"curies":[{"name":"wp","href":"https:\/\/api.w.org\/{rel}","templated":true}]}}